{"id":492,"date":"2026-02-03T12:10:44","date_gmt":"2026-02-03T12:10:44","guid":{"rendered":"https:\/\/www.davidruedavisuals.com\/aviso-legal\/"},"modified":"2026-02-03T12:58:58","modified_gmt":"2026-02-03T12:58:58","slug":"aviso-legal","status":"publish","type":"page","link":"https:\/\/www.davidruedavisuals.com\/es\/aviso-legal\/","title":{"rendered":"Aviso legal"},"content":{"rendered":"<div class=\"wpb-content-wrapper\"><p>[vc_row][vc_column width=\u00bb1\/6&#8243;][\/vc_column][vc_column width=\u00bb2\/3&#8243;][vc_column_text css=\u00bb\u00bb]<\/p>\n<p data-start=\"3353\" data-end=\"3381\"><strong data-start=\"3353\" data-end=\"3381\">1. Datos identificativos<\/strong><\/p>\n<p data-start=\"3383\" data-end=\"3533\">En cumplimiento de la Ley 34\/2002, de servicios de la sociedad de la informaci\u00f3n y del comercio electr\u00f3nico, se informa de que este sitio web es titularidad de:<\/p>\n<p data-start=\"3535\" data-end=\"3750\">DAVID RUEDA ZAMBRABO<br data-start=\"3555\" data-end=\"3558\">NIF: 40359731K<br data-start=\"3572\" data-end=\"3575\">Direcci\u00f3n: C\/ Verge Mar\u00eda 52, 17430 Santa Coloma de Farners<br data-start=\"3631\" data-end=\"3634\">Correo electr\u00f3nico: <a class=\"decorated-link cursor-pointer\" rel=\"noopener\" data-start=\"3653\" data-end=\"3679\">info@davidruedavisuals.com<\/a><br data-start=\"3679\" data-end=\"3682\">Tel\u00e9fono: 660 521 820<br data-start=\"3702\" data-end=\"3705\">Sitio web: <a class=\"decorated-link\" href=\"https:\/\/www.davidruedavisuals.com\/es\/\" target=\"_new\" rel=\"noopener\" data-start=\"3715\" data-end=\"3748\">https:\/\/www.davidruedavisuals.com<\/a><\/p>\n<p data-start=\"3752\" data-end=\"3766\"><strong data-start=\"3752\" data-end=\"3766\">2. Objeto<\/strong><\/p>\n<p data-start=\"3768\" data-end=\"3880\">Este sitio web tiene como finalidad informar sobre los servicios y proyectos profesionales de DAVID RUEDA ZAMBRABO.<\/p>\n<p data-start=\"3882\" data-end=\"3985\">El acceso y uso del sitio web atribuye la condici\u00f3n de usuario e implica la aceptaci\u00f3n del presente aviso legal.<\/p>\n<p data-start=\"3987\" data-end=\"4009\"><strong data-start=\"3987\" data-end=\"4009\">3. Condiciones de uso<\/strong><\/p>\n<p data-start=\"4011\" data-end=\"4204\">El usuario se compromete a hacer un uso adecuado del sitio web, de conformidad con la ley, la buena fe y el orden p\u00fablico, y a no llevar a cabo acciones que puedan da\u00f1ar el sitio web o los derechos de terceros.<\/p>\n<p data-start=\"4206\" data-end=\"4249\"><strong data-start=\"4206\" data-end=\"4249\">4. Propiedad intelectual e industrial<\/strong><\/p>\n<p data-start=\"4251\" data-end=\"4456\">Todos los contenidos del sitio web, incluyendo textos, im\u00e1genes, dise\u00f1o, logotipos, v\u00eddeos y otros elementos, son titularidad del responsable o de terceros autorizados, y est\u00e1n protegidos por la normativa vigente.<\/p>\n<p data-start=\"4458\" data-end=\"4538\">Queda prohibida su reproducci\u00f3n total o parcial sin autorizaci\u00f3n expresa.<\/p>\n<p data-start=\"4540\" data-end=\"4562\"><strong data-start=\"4540\" data-end=\"4562\">5. Responsabilidad<\/strong><\/p>\n<p data-start=\"4564\" data-end=\"4711\">El titular no se hace responsable de los posibles errores t\u00e9cnicos, interrupciones del servicio ni del uso indebido de la informaci\u00f3n contenida en el sitio web.<\/p>\n<p data-start=\"4713\" data-end=\"4736\"><strong data-start=\"4713\" data-end=\"4736\">6. Enlaces externos<\/strong><\/p>\n<p data-start=\"4738\" data-end=\"4893\">Este sitio web puede incluir enlaces a sitios web de terceros. El titular no asume ninguna responsabilidad sobre los contenidos o pol\u00edticas de estos sitios.<\/p>\n<p data-start=\"4895\" data-end=\"4922\"><strong data-start=\"4895\" data-end=\"4922\">7. Legislaci\u00f3n aplicable<\/strong><\/p>\n<p data-start=\"4924\" data-end=\"5085\">La relaci\u00f3n entre el usuario y el titular del sitio web se rige por la legislaci\u00f3n espa\u00f1ola. Cualquier controversia se someter\u00e1 a los juzgados y tribunales competentes.<\/p>\n<p>[\/vc_column_text][\/vc_column][vc_column width=\u00bb1\/6&#8243;][\/vc_column][\/vc_row]<\/p>\n<\/div>","protected":false},"excerpt":{"rendered":"<p>[vc_row][vc_column width=\u00bb1\/6&#8243;][\/vc_column][vc_column width=\u00bb2\/3&#8243;][vc_column_text css=\u00bb\u00bb] 1. Datos identificativos En cumplimiento de la Ley 34\/2002, de servicios de la sociedad de la informaci\u00f3n y del comercio electr\u00f3nico, se informa de que este sitio web es titularidad de: DAVID RUEDA ZAMBRABONIF: 40359731KDirecci\u00f3n: C\/ Verge Mar\u00eda 52, 17430 Santa Coloma de FarnersCorreo electr\u00f3nico: info@davidruedavisuals.comTel\u00e9fono: 660 521 820Sitio web: https:\/\/www.davidruedavisuals.com&hellip;<\/p>\n","protected":false},"author":2,"featured_media":0,"parent":0,"menu_order":0,"comment_status":"closed","ping_status":"closed","template":"","meta":{"footnotes":""},"class_list":["post-492","page","type-page","status-publish","hentry","description-off"],"_links":{"self":[{"href":"https:\/\/www.davidruedavisuals.com\/es\/wp-json\/wp\/v2\/pages\/492","targetHints":{"allow":["GET"]}}],"collection":[{"href":"https:\/\/www.davidruedavisuals.com\/es\/wp-json\/wp\/v2\/pages"}],"about":[{"href":"https:\/\/www.davidruedavisuals.com\/es\/wp-json\/wp\/v2\/types\/page"}],"author":[{"embeddable":true,"href":"https:\/\/www.davidruedavisuals.com\/es\/wp-json\/wp\/v2\/users\/2"}],"replies":[{"embeddable":true,"href":"https:\/\/www.davidruedavisuals.com\/es\/wp-json\/wp\/v2\/comments?post=492"}],"version-history":[{"count":2,"href":"https:\/\/www.davidruedavisuals.com\/es\/wp-json\/wp\/v2\/pages\/492\/revisions"}],"predecessor-version":[{"id":496,"href":"https:\/\/www.davidruedavisuals.com\/es\/wp-json\/wp\/v2\/pages\/492\/revisions\/496"}],"wp:attachment":[{"href":"https:\/\/www.davidruedavisuals.com\/es\/wp-json\/wp\/v2\/media?parent=492"}],"curies":[{"name":"wp","href":"https:\/\/api.w.org\/{rel}","templated":true}]}}