{"id":488,"date":"2026-01-22T11:10:17","date_gmt":"2026-01-22T11:10:17","guid":{"rendered":"https:\/\/www.davidruedavisuals.com\/politica-de-privacidad\/"},"modified":"2026-02-03T12:58:58","modified_gmt":"2026-02-03T12:58:58","slug":"politica-de-privacidad","status":"publish","type":"page","link":"https:\/\/www.davidruedavisuals.com\/es\/politica-de-privacidad\/","title":{"rendered":"Pol\u00edtica de privacidad"},"content":{"rendered":"<div class=\"wpb-content-wrapper\"><p>[vc_row][vc_column width=\u00bb1\/6&#8243;][\/vc_column][vc_column width=\u00bb2\/3&#8243;][vc_column_text css=\u00bb\u00bb]<\/p>\n<p data-start=\"373\" data-end=\"553\">Esta pol\u00edtica de privacidad se actualiz\u00f3 por \u00faltima vez el 3 de febrero de 2026 y se aplica a ciudadanos y residentes legales permanentes del Espacio Econ\u00f3mico Europeo y Suiza.<\/p>\n<p data-start=\"555\" data-end=\"580\"><strong data-start=\"555\" data-end=\"580\">1. Informaci\u00f3n general<\/strong><\/p>\n<p data-start=\"582\" data-end=\"750\">En cumplimiento del Reglamento (UE) 2016\/679 (RGPD), se informa a los usuarios del sitio web <a class=\"decorated-link\" href=\"https:\/\/www.davidruedavisuals.com\/es\/\" target=\"_new\" rel=\"noopener\" data-start=\"667\" data-end=\"700\">https:\/\/www.davidruedavisuals.com<\/a> sobre el tratamiento de sus datos personales.<\/p>\n<p data-start=\"752\" data-end=\"973\">El responsable del tratamiento es:<br data-start=\"785\" data-end=\"788\">DAVID RUEDA ZAMBRABO<br data-start=\"808\" data-end=\"811\">NIF: 40359731K<br data-start=\"825\" data-end=\"828\">Direcci\u00f3n: C\/ Virgen Mar\u00eda 52, 17430 Santa Coloma de Farners<br data-start=\"884\" data-end=\"887\">Pa\u00eds: Espa\u00f1a<br data-start=\"900\" data-end=\"903\">Correo electr\u00f3nico: <a class=\"decorated-link cursor-pointer\" rel=\"noopener\" data-start=\"922\" data-end=\"948\">info@davidruedavisuals.com<\/a><br data-start=\"948\" data-end=\"951\">Tel\u00e9fono: 660 521 820<\/p>\n<p data-start=\"975\" data-end=\"1013\"><strong data-start=\"975\" data-end=\"1013\">2. Datos personales que se recogen<\/strong><\/p>\n<p data-start=\"1015\" data-end=\"1308\">Este sitio web puede recoger los siguientes datos personales:<br \/>Nombre y apellidos<br data-start=\"1087\" data-end=\"1090\">Correo electr\u00f3nico<br data-start=\"1107\" data-end=\"1110\">Tel\u00e9fono<br data-start=\"1117\" data-end=\"1120\">Datos facilitados mediante formularios de contacto<br data-start=\"1171\" data-end=\"1174\">Datos t\u00e9cnicos como la direcci\u00f3n IP, navegador, dispositivo o sistema operativo<br data-start=\"1247\" data-end=\"1250\">Preferencias relacionadas con el consentimiento de cookies<\/p>\n<p data-start=\"1310\" data-end=\"1341\"><strong data-start=\"1310\" data-end=\"1341\">3. Finalidad del tratamiento<\/strong><\/p>\n<p data-start=\"1343\" data-end=\"1614\">Los datos personales se tratan con las siguientes finalidades:<br \/>Atender consultas o solicitudes realizadas por los usuarios<br data-start=\"1460\" data-end=\"1463\">Gestionar comunicaciones informativas o profesionales<br data-start=\"1515\" data-end=\"1518\">Garantizar el correcto funcionamiento del sitio web<br data-start=\"1564\" data-end=\"1567\">Cumplir con las obligaciones legales aplicables<\/p>\n<p data-start=\"1616\" data-end=\"1648\"><strong data-start=\"1616\" data-end=\"1648\">4. Base legal del tratamiento<\/strong><\/p>\n<p data-start=\"1650\" data-end=\"1840\">La base legal del tratamiento es:<br \/>El consentimiento del usuario<br data-start=\"1710\" data-end=\"1713\">La ejecuci\u00f3n de medidas precontractuales o contractuales<br data-start=\"1765\" data-end=\"1768\">El cumplimiento de obligaciones legales<br data-start=\"1802\" data-end=\"1805\">El inter\u00e9s leg\u00edtimo del responsable<\/p>\n<p data-start=\"1842\" data-end=\"1873\"><strong data-start=\"1842\" data-end=\"1873\">5. Conservaci\u00f3n de los datos<\/strong><\/p>\n<p data-start=\"1875\" data-end=\"2095\">Los datos personales se conservar\u00e1n durante el tiempo necesario para cumplir la finalidad para la cual fueron recogidos, o hasta que el usuario solicite su supresi\u00f3n, y durante los plazos exigidos por la normativa vigente.<\/p>\n<p data-start=\"2097\" data-end=\"2129\"><strong data-start=\"2097\" data-end=\"2129\">6. Destinatarios de los datos<\/strong><\/p>\n<p data-start=\"2131\" data-end=\"2333\">Los datos personales no se comunicar\u00e1n a terceros, salvo obligaci\u00f3n legal o cuando sea necesario para el funcionamiento t\u00e9cnico del sitio web mediante proveedores que act\u00faan como encargados del tratamiento.<\/p>\n<p data-start=\"2335\" data-end=\"2359\"><strong data-start=\"2335\" data-end=\"2359\">7. Derechos del usuario<\/strong><\/p>\n<p data-start=\"2361\" data-end=\"2636\">El usuario puede ejercer los siguientes derechos:<br \/>Acceso a sus datos personales<br data-start=\"2435\" data-end=\"2438\">Rectificaci\u00f3n de datos inexactos o incompletos<br data-start=\"2483\" data-end=\"2486\">Supresi\u00f3n de los datos<br data-start=\"2508\" data-end=\"2511\">Limitaci\u00f3n del tratamiento<br data-start=\"2535\" data-end=\"2538\">Portabilidad de los datos<br data-start=\"2563\" data-end=\"2566\">Oposici\u00f3n al tratamiento<br data-start=\"2588\" data-end=\"2591\">Retirar el consentimiento en cualquier momento<\/p>\n<p data-start=\"2638\" data-end=\"2723\">Para ejercer estos derechos, puede enviar una solicitud a <a class=\"decorated-link cursor-pointer\" rel=\"noopener\" data-start=\"2696\" data-end=\"2722\">info@davidruedavisuals.com<\/a>.<\/p>\n<p data-start=\"2725\" data-end=\"2818\">Tambi\u00e9n tiene derecho a presentar una reclamaci\u00f3n ante la Agencia Espa\u00f1ola de Protecci\u00f3n de Datos.<\/p>\n<p data-start=\"2820\" data-end=\"2847\"><strong data-start=\"2820\" data-end=\"2847\">8. Medidas de seguridad<\/strong><\/p>\n<p data-start=\"2849\" data-end=\"3002\">El responsable aplica las medidas t\u00e9cnicas y organizativas necesarias para garantizar la seguridad, confidencialidad e integridad de los datos personales.<\/p>\n<p data-start=\"3004\" data-end=\"3024\"><strong data-start=\"3004\" data-end=\"3024\">9. Uso de cookies<\/strong><\/p>\n<p data-start=\"3026\" data-end=\"3167\">Este sitio web utiliza cookies propias y de terceros. Puede consultar toda la informaci\u00f3n correspondiente a la Pol\u00edtica de Cookies del sitio web. <\/p>\n<p data-start=\"3169\" data-end=\"3190\"><strong data-start=\"3169\" data-end=\"3190\">10. Modificaciones<\/strong><\/p>\n<p data-start=\"3192\" data-end=\"3330\">El responsable del tratamiento se reserva el derecho a modificar esta pol\u00edtica de privacidad para adaptarla a cambios legislativos o t\u00e9cnicos.<\/p>\n<p>[\/vc_column_text][\/vc_column][vc_column width=\u00bb1\/6&#8243;][\/vc_column][\/vc_row]<\/p>\n<\/div>","protected":false},"excerpt":{"rendered":"<p>[vc_row][vc_column width=\u00bb1\/6&#8243;][\/vc_column][vc_column width=\u00bb2\/3&#8243;][vc_column_text css=\u00bb\u00bb] Esta pol\u00edtica de privacidad se actualiz\u00f3 por \u00faltima vez el 3 de febrero de 2026 y se aplica a ciudadanos y residentes legales permanentes del Espacio Econ\u00f3mico Europeo y Suiza. 1. Informaci\u00f3n general En cumplimiento del Reglamento (UE) 2016\/679 (RGPD), se informa a los usuarios del sitio web https:\/\/www.davidruedavisuals.com sobre el&hellip;<\/p>\n","protected":false},"author":1,"featured_media":0,"parent":0,"menu_order":0,"comment_status":"closed","ping_status":"closed","template":"","meta":{"footnotes":""},"class_list":["post-488","page","type-page","status-publish","hentry","description-off"],"_links":{"self":[{"href":"https:\/\/www.davidruedavisuals.com\/es\/wp-json\/wp\/v2\/pages\/488","targetHints":{"allow":["GET"]}}],"collection":[{"href":"https:\/\/www.davidruedavisuals.com\/es\/wp-json\/wp\/v2\/pages"}],"about":[{"href":"https:\/\/www.davidruedavisuals.com\/es\/wp-json\/wp\/v2\/types\/page"}],"author":[{"embeddable":true,"href":"https:\/\/www.davidruedavisuals.com\/es\/wp-json\/wp\/v2\/users\/1"}],"replies":[{"embeddable":true,"href":"https:\/\/www.davidruedavisuals.com\/es\/wp-json\/wp\/v2\/comments?post=488"}],"version-history":[{"count":7,"href":"https:\/\/www.davidruedavisuals.com\/es\/wp-json\/wp\/v2\/pages\/488\/revisions"}],"predecessor-version":[{"id":500,"href":"https:\/\/www.davidruedavisuals.com\/es\/wp-json\/wp\/v2\/pages\/488\/revisions\/500"}],"wp:attachment":[{"href":"https:\/\/www.davidruedavisuals.com\/es\/wp-json\/wp\/v2\/media?parent=488"}],"curies":[{"name":"wp","href":"https:\/\/api.w.org\/{rel}","templated":true}]}}