{"id":428,"date":"2026-01-22T11:42:10","date_gmt":"2026-01-22T11:42:10","guid":{"rendered":"https:\/\/www.davidruedavisuals.com\/sobre-mi\/"},"modified":"2026-02-04T13:43:24","modified_gmt":"2026-02-04T13:43:24","slug":"sobre-mi","status":"publish","type":"page","link":"https:\/\/www.davidruedavisuals.com\/es\/sobre-mi\/","title":{"rendered":"Sobre m\u00ed"},"content":{"rendered":"<div class=\"wpb-content-wrapper\"><p>[vc_row type=\u00bbvc_default\u00bb equal_height=\u00bbyes\u00bb content_placement=\u00bbmiddle\u00bb css=\u00bb.vc_custom_1770119567197{margin-top: 0px !important;padding-top: 50px !important;padding-bottom: 50px !important;}\u00bb][vc_column width=\u00bb1\/2&#8243;]<style type=\"text\/css\" data-type=\"the7_shortcodes-inline-css\">.shortcode-single-image-wrap.shortcode-single-image-3b1be323e68d6e74c7f7cd641bff4ea1.enable-bg-rollover .rollover i,\n.shortcode-single-image-wrap.shortcode-single-image-3b1be323e68d6e74c7f7cd641bff4ea1.enable-bg-rollover .rollover-video i {\n  background: -webkit-linear-gradient();\n  background: linear-gradient();\n}\n.shortcode-single-image-wrap.shortcode-single-image-3b1be323e68d6e74c7f7cd641bff4ea1 .rollover-icon {\n  font-size: 32px;\n  color: #ffffff;\n  min-width: 44px;\n  min-height: 44px;\n  line-height: 44px;\n  border-radius: 100px;\n  border-style: solid;\n  border-width: 0px;\n}\n.dt-icon-bg-on.shortcode-single-image-wrap.shortcode-single-image-3b1be323e68d6e74c7f7cd641bff4ea1 .rollover-icon {\n  background: rgba(255,255,255,0.3);\n  box-shadow: none;\n}<\/style><div class=\"shortcode-single-image-wrap shortcode-single-image-3b1be323e68d6e74c7f7cd641bff4ea1 alignnone  enable-bg-rollover dt-icon-bg-off\" style=\"margin-top:0px; margin-bottom:0px; margin-left:0px; margin-right:0px; width:500px;\"><div class=\"shortcode-single-image\"><div class=\"fancy-media-wrap  layzr-bg\" style=\"\"><img fetchpriority=\"high\" decoding=\"async\" class=\"preload-me lazy-load aspect\" src=\"data:image\/svg+xml,%3Csvg%20xmlns%3D&#39;http%3A%2F%2Fwww.w3.org%2F2000%2Fsvg&#39;%20viewBox%3D&#39;0%200%20500%20666&#39;%2F%3E\" data-src=\"https:\/\/www.davidruedavisuals.com\/wp-content\/uploads\/2026\/02\/Rueda-1-500x666.webp\" data-srcset=\"https:\/\/www.davidruedavisuals.com\/wp-content\/uploads\/2026\/02\/Rueda-1-500x666.webp 500w, https:\/\/www.davidruedavisuals.com\/wp-content\/uploads\/2026\/02\/Rueda-1.webp 1000w\" loading=\"eager\" sizes=\"(max-width: 500px) 100vw, 500px\" width=\"500\" height=\"666\"  data-dt-location=\"https:\/\/www.davidruedavisuals.com\/es\/sobre-mi\/rueda-2\/\" style=\"--ratio: 500 \/ 666;\" alt=\"\" \/><\/div><\/div><\/div>[\/vc_column][vc_column width=\u00bb1\/2&#8243;][vc_column_text css=\u00bb.vc_custom_1770119435974{margin-bottom: 5px !important;}\u00bb]<\/p>\n<h2 style=\"text-align: left;\">David Rueda<\/h2>\n<p>[\/vc_column_text][vc_separator color=\u00bbcustom\u00bb align=\u00bbalign_left\u00bb border_width=\u00bb5&#8243; el_width=\u00bb10&#8243; css=\u00bb.vc_custom_1770119442327{margin-bottom: 15px !important;}\u00bb accent_color=\u00bb#007F6E\u00bb][vc_empty_space height=\u00bb20px\u00bb][vc_column_text css=\u00bb\u00bb]Soy David Rueda, fot\u00f3grafo y vide\u00f3grafo freelance con m\u00e1s de diez a\u00f1os de experiencia capturando historias a trav\u00e9s de la imagen.<\/p>\n<p>Me inspira entender cada proyecto desde dentro y encontrar la manera de transmitir su esencia con autenticidad. Me apasiona observar, escuchar y transformar momentos en piezas que conecten.<\/p>\n<p>Para m\u00ed, cada proyecto es una oportunidad para explicar algo que vale la pena recordar.[\/vc_column_text]<style type=\"text\/css\" data-type=\"the7_shortcodes-inline-css\">#default-btn-be74d5ecdb560e13766d3a5896d04060.ico-right-side > i {\n  margin-right: 0px;\n  margin-left: 8px;\n}\n#default-btn-be74d5ecdb560e13766d3a5896d04060 > i {\n  margin-right: 8px;\n}<\/style><a href=\"https:\/\/www.davidruedavisuals.com\/es\/contacto\/\" class=\"default-btn-shortcode dt-btn dt-btn-s link-hover-off btn-inline-left \" id=\"default-btn-be74d5ecdb560e13766d3a5896d04060\" title=\"Contacto\"><span>\u00bfHablamos?<\/span><\/a>[\/vc_column][\/vc_row]<\/p>\n<\/div>","protected":false},"excerpt":{"rendered":"<p>[vc_row type=\u00bbvc_default\u00bb equal_height=\u00bbyes\u00bb content_placement=\u00bbmiddle\u00bb css=\u00bb.vc_custom_1770119567197{margin-top: 0px !important;padding-top: 50px !important;padding-bottom: 50px !important;}\u00bb][vc_column width=\u00bb1\/2&#8243;][\/vc_column][vc_column width=\u00bb1\/2&#8243;][vc_column_text css=\u00bb.vc_custom_1770119435974{margin-bottom: 5px !important;}\u00bb] David Rueda [\/vc_column_text][vc_separator color=\u00bbcustom\u00bb align=\u00bbalign_left\u00bb border_width=\u00bb5&#8243; el_width=\u00bb10&#8243; css=\u00bb.vc_custom_1770119442327{margin-bottom: 15px !important;}\u00bb accent_color=\u00bb#007F6E\u00bb][vc_empty_space height=\u00bb20px\u00bb][vc_column_text css=\u00bb\u00bb]Soy David Rueda, fot\u00f3grafo y vide\u00f3grafo freelance con m\u00e1s de diez a\u00f1os de experiencia capturando historias a trav\u00e9s de la imagen. Me inspira entender cada proyecto desde&hellip;<\/p>\n","protected":false},"author":1,"featured_media":0,"parent":0,"menu_order":0,"comment_status":"closed","ping_status":"closed","template":"","meta":{"footnotes":""},"class_list":["post-428","page","type-page","status-publish","hentry","description-off"],"_links":{"self":[{"href":"https:\/\/www.davidruedavisuals.com\/es\/wp-json\/wp\/v2\/pages\/428","targetHints":{"allow":["GET"]}}],"collection":[{"href":"https:\/\/www.davidruedavisuals.com\/es\/wp-json\/wp\/v2\/pages"}],"about":[{"href":"https:\/\/www.davidruedavisuals.com\/es\/wp-json\/wp\/v2\/types\/page"}],"author":[{"embeddable":true,"href":"https:\/\/www.davidruedavisuals.com\/es\/wp-json\/wp\/v2\/users\/1"}],"replies":[{"embeddable":true,"href":"https:\/\/www.davidruedavisuals.com\/es\/wp-json\/wp\/v2\/comments?post=428"}],"version-history":[{"count":5,"href":"https:\/\/www.davidruedavisuals.com\/es\/wp-json\/wp\/v2\/pages\/428\/revisions"}],"predecessor-version":[{"id":556,"href":"https:\/\/www.davidruedavisuals.com\/es\/wp-json\/wp\/v2\/pages\/428\/revisions\/556"}],"wp:attachment":[{"href":"https:\/\/www.davidruedavisuals.com\/es\/wp-json\/wp\/v2\/media?parent=428"}],"curies":[{"name":"wp","href":"https:\/\/api.w.org\/{rel}","templated":true}]}}