{"id":356,"date":"2026-01-22T11:41:35","date_gmt":"2026-01-22T11:41:35","guid":{"rendered":"https:\/\/www.davidruedavisuals.com\/servicios\/"},"modified":"2026-02-04T14:01:26","modified_gmt":"2026-02-04T14:01:26","slug":"servicios","status":"publish","type":"page","link":"https:\/\/www.davidruedavisuals.com\/es\/servicios\/","title":{"rendered":"Servicios"},"content":{"rendered":"<div class=\"wpb-content-wrapper\"><p>[vc_row type=\u00bbvc_default\u00bb full_width=\u00bbstretch_row_content_no_spaces\u00bb bg_type=\u00bbbg_color\u00bb bg_color_value=\u00bb#FFFFFF\u00bb css=\u00bb.vc_custom_1770126401245{margin-top: 0px !important;margin-bottom: 3px !important;padding-top: 0px !important;padding-bottom: 0px !important;}\u00bb][vc_column width=\u00bb1\/3&#8243;][\/vc_column][vc_column width=\u00bb1\/3&#8243; css=\u00bb.vc_custom_1770126413874{padding-right: 40px !important;padding-left: 40px !important;}\u00bb][vc_column_text css=\u00bb\u00bb]<\/p>\n<p style=\"text-align: center;\"><span style=\"color: #000000;\">Creaci\u00f3n de contenido audiovisual para empresas, instituciones y marcas que necesitan comunicar con rigor, naturalidad e impacto.<\/span><\/p>\n<p>[\/vc_column_text][\/vc_column][vc_column width=\u00bb1\/3&#8243;][\/vc_column][\/vc_row][vc_row type=\u00bbvc_default\u00bb css=\u00bb.vc_custom_1770122064549{margin-top: 50px !important;margin-bottom: 50px !important;}\u00bb][vc_column css_animation=\u00bbfadeInDown\u00bb width=\u00bb1\/3&#8243;][vc_column_text css=\u00bb.vc_custom_1770213527544{margin-bottom: 5px !important;}\u00bb]<\/p>\n<h2>Fotograf\u00eda<\/h2>\n<p>[\/vc_column_text][vc_separator color=\u00bbcustom\u00bb align=\u00bbalign_left\u00bb border_width=\u00bb5&#8243; el_width=\u00bb20&#8243; css=\u00bb.vc_custom_1770118592233{margin-bottom: 15px !important;}\u00bb accent_color=\u00bb#007F6E\u00bb][vc_column_text css=\u00bb\u00bb]<\/p>\n<p style=\"text-align: left;\">Retratos, eventos, actos institucionales, entornos industriales y fotograf\u00eda a\u00e9rea para comunicar con naturalidad, precisi\u00f3n y criterio visual.<\/p>\n<p>[\/vc_column_text][\/vc_column][vc_column css_animation=\u00bbfadeInDown\u00bb width=\u00bb1\/3&#8243;][vc_column_text css=\u00bb.vc_custom_1770125619506{margin-bottom: 5px !important;}\u00bb]<\/p>\n<h2>V\u00eddeo<\/h2>\n<p>[\/vc_column_text][vc_separator color=\u00bbcustom\u00bb align=\u00bbalign_left\u00bb border_width=\u00bb5&#8243; el_width=\u00bb20&#8243; css=\u00bb.vc_custom_1770118592233{margin-bottom: 15px !important;}\u00bb accent_color=\u00bb#007F6E\u00bb][vc_column_text css=\u00bb\u00bb]<\/p>\n<p style=\"text-align: left;\">Contenido corporativo, institucional y promocional pensado para explicar historias con ritmo, claridad e identidad propia.<\/p>\n<p>[\/vc_column_text][\/vc_column][vc_column css_animation=\u00bbfadeInDown\u00bb width=\u00bb1\/3&#8243;][vc_column_text css=\u00bb.vc_custom_1770213536940{margin-bottom: 5px !important;}\u00bb]<\/p>\n<h2>Publicidad<\/h2>\n<p>[\/vc_column_text][vc_separator color=\u00bbcustom\u00bb align=\u00bbalign_left\u00bb border_width=\u00bb5&#8243; el_width=\u00bb20&#8243; css=\u00bb.vc_custom_1770118592233{margin-bottom: 15px !important;}\u00bb accent_color=\u00bb#007F6E\u00bb][vc_column_text css=\u00bb\u00bb]<\/p>\n<p style=\"text-align: left;\">Producci\u00f3n de v\u00eddeos para campa\u00f1as, anuncios y contenido creativo orientado a captar la atenci\u00f3n y reforzar el mensaje de marca.<\/p>\n<p>[\/vc_column_text][\/vc_column][\/vc_row][vc_row type=\u00bbvc_default\u00bb equal_height=\u00bbyes\u00bb content_placement=\u00bbtop\u00bb][vc_column css_animation=\u00bbfadeInDown\u00bb width=\u00bb1\/3&#8243;][vc_column_text css=\u00bb.vc_custom_1770213520792{margin-bottom: 5px !important;}\u00bb]<\/p>\n<h2>Entrevistas &amp; videopodcast<\/h2>\n<p>[\/vc_column_text][vc_separator color=\u00bbcustom\u00bb align=\u00bbalign_left\u00bb border_width=\u00bb5&#8243; el_width=\u00bb20&#8243; css=\u00bb.vc_custom_1770118592233{margin-bottom: 15px !important;}\u00bb accent_color=\u00bb#007F6E\u00bb][vc_column_text css=\u00bb\u00bb]<\/p>\n<p style=\"text-align: left;\">Producci\u00f3n de entrevistas y formatos conversacionales con sonido e imagen cuidados para que el contenido sea atractivo y f\u00e1cil de seguir.<\/p>\n<p>[\/vc_column_text][\/vc_column][vc_column css_animation=\u00bbfadeInDown\u00bb width=\u00bb1\/3&#8243;][vc_column_text css=\u00bb.vc_custom_1770213554589{margin-bottom: 5px !important;}\u00bb]<\/p>\n<h2>Contenido para redes<\/h2>\n<p>[\/vc_column_text][vc_separator color=\u00bbcustom\u00bb align=\u00bbalign_left\u00bb border_width=\u00bb5&#8243; el_width=\u00bb20&#8243; css=\u00bb.vc_custom_1770118592233{margin-bottom: 15px !important;}\u00bb accent_color=\u00bb#007F6E\u00bb][vc_column_text css=\u00bb\u00bb]<\/p>\n<p style=\"text-align: left;\">Piezas \u00e1giles y adaptadas a cada plataforma para conectar con el p\u00fablico y mantener la presencia digital de manera constante.<\/p>\n<p>[\/vc_column_text][\/vc_column][vc_column css_animation=\u00bbfadeInDown\u00bb width=\u00bb1\/3&#8243;][vc_column_text css=\u00bb.vc_custom_1770213570802{margin-bottom: 5px !important;}\u00bb]<\/p>\n<h2>Multic\u00e1mara<\/h2>\n<p>[\/vc_column_text][vc_separator color=\u00bbcustom\u00bb align=\u00bbalign_left\u00bb border_width=\u00bb5&#8243; el_width=\u00bb20&#8243; css=\u00bb.vc_custom_1770118592233{margin-bottom: 15px !important;}\u00bb accent_color=\u00bb#007F6E\u00bb][vc_column_text css=\u00bb\u00bb]<\/p>\n<p style=\"text-align: left;\">Cobertura t\u00e9cnica con varias c\u00e1maras para ofrecer una realizaci\u00f3n din\u00e1mica y completa en eventos y producciones audiovisuales.<\/p>\n<p>[\/vc_column_text][\/vc_column][\/vc_row][vc_row type=\u00bbvc_default\u00bb css=\u00bb.vc_custom_1770119098552{padding-top: 50px !important;padding-bottom: 50px !important;}\u00bb][vc_column]<style type=\"text\/css\" data-type=\"the7_shortcodes-inline-css\">#default-btn-0da7ed784054c15702d42d47311b059f.ico-right-side > i {\n  margin-right: 0px;\n  margin-left: 8px;\n}\n#default-btn-0da7ed784054c15702d42d47311b059f > i {\n  margin-right: 8px;\n}<\/style><div class=\"btn-align-center\"><a href=\"https:\/\/www.davidruedavisuals.com\/es\/portfolio\/\" class=\"default-btn-shortcode dt-btn dt-btn-s link-hover-off \" id=\"default-btn-0da7ed784054c15702d42d47311b059f\" title=\"Portfolio\"><span>Ver proyectos<\/span><\/a><\/div>[vc_empty_space height=\u00bb30px\u00bb][\/vc_column][\/vc_row]<\/p>\n<\/div>","protected":false},"excerpt":{"rendered":"<p>[vc_row type=\u00bbvc_default\u00bb full_width=\u00bbstretch_row_content_no_spaces\u00bb bg_type=\u00bbbg_color\u00bb bg_color_value=\u00bb#FFFFFF\u00bb css=\u00bb.vc_custom_1770126401245{margin-top: 0px !important;margin-bottom: 3px !important;padding-top: 0px !important;padding-bottom: 0px !important;}\u00bb][vc_column width=\u00bb1\/3&#8243;][\/vc_column][vc_column width=\u00bb1\/3&#8243; css=\u00bb.vc_custom_1770126413874{padding-right: 40px !important;padding-left: 40px !important;}\u00bb][vc_column_text css=\u00bb\u00bb] Creaci\u00f3n de contenido audiovisual para empresas, instituciones y marcas que necesitan comunicar con rigor, naturalidad e impacto. [\/vc_column_text][\/vc_column][vc_column width=\u00bb1\/3&#8243;][\/vc_column][\/vc_row][vc_row type=\u00bbvc_default\u00bb css=\u00bb.vc_custom_1770122064549{margin-top: 50px !important;margin-bottom: 50px !important;}\u00bb][vc_column css_animation=\u00bbfadeInDown\u00bb width=\u00bb1\/3&#8243;][vc_column_text css=\u00bb.vc_custom_1770213527544{margin-bottom: 5px !important;}\u00bb] Fotograf\u00eda [\/vc_column_text][vc_separator color=\u00bbcustom\u00bb&hellip;<\/p>\n","protected":false},"author":1,"featured_media":0,"parent":0,"menu_order":0,"comment_status":"closed","ping_status":"closed","template":"","meta":{"footnotes":""},"class_list":["post-356","page","type-page","status-publish","hentry","description-off"],"_links":{"self":[{"href":"https:\/\/www.davidruedavisuals.com\/es\/wp-json\/wp\/v2\/pages\/356","targetHints":{"allow":["GET"]}}],"collection":[{"href":"https:\/\/www.davidruedavisuals.com\/es\/wp-json\/wp\/v2\/pages"}],"about":[{"href":"https:\/\/www.davidruedavisuals.com\/es\/wp-json\/wp\/v2\/types\/page"}],"author":[{"embeddable":true,"href":"https:\/\/www.davidruedavisuals.com\/es\/wp-json\/wp\/v2\/users\/1"}],"replies":[{"embeddable":true,"href":"https:\/\/www.davidruedavisuals.com\/es\/wp-json\/wp\/v2\/comments?post=356"}],"version-history":[{"count":15,"href":"https:\/\/www.davidruedavisuals.com\/es\/wp-json\/wp\/v2\/pages\/356\/revisions"}],"predecessor-version":[{"id":574,"href":"https:\/\/www.davidruedavisuals.com\/es\/wp-json\/wp\/v2\/pages\/356\/revisions\/574"}],"wp:attachment":[{"href":"https:\/\/www.davidruedavisuals.com\/es\/wp-json\/wp\/v2\/media?parent=356"}],"curies":[{"name":"wp","href":"https:\/\/api.w.org\/{rel}","templated":true}]}}